{"id":81,"date":"2017-11-01T22:09:56","date_gmt":"2017-11-01T21:09:56","guid":{"rendered":"http:\/\/neurofeedback-viana.fr\/?page_id=81"},"modified":"2018-06-13T15:23:37","modified_gmt":"2018-06-13T13:23:37","slug":"seances","status":"publish","type":"page","link":"https:\/\/neurofeedback-viana.fr\/index.php\/seances\/","title":{"rendered":"S\u00e9ance"},"content":{"rendered":"<h2>Les personnes qui utilisent la m\u00e9thode neurofeedback dynamique souhaitent<\/h2>\n<ul class=\"listeseance\">\n<li class=\"seance\">Am\u00e9liorer les capacit\u00e9s neuronales (m\u00e9moire, performances cognitives\u2026)<\/li>\n<li class=\"seance\">R\u00e9guler les syst\u00e8mes du corps : digestif, hormonal, immunitaire\u2026<\/li>\n<li class=\"seance\">Am\u00e9liorer l\u2019endormissement et le sommeil, acc\u00e9der \u00e0 davantage de d\u00e9tente<\/li>\n<li class=\"seance\">Lutter contre les comportements limitants : bafouillage, propos mal ma\u00eetris\u00e9s, tocs, addictions\u2026<\/li>\n<li class=\"seance\">Am\u00e9liorer les \u00e9tats psychologiques : anxi\u00e9t\u00e9, stress, spasmophilie, d\u00e9pression, phobie\u2026<\/li>\n<li class=\"seance\">Am\u00e9liorer l\u2019\u00e9tat g\u00e9n\u00e9ral : douleurs r\u00e9currentes, fatigue chronique\u2026<\/li>\n<\/ul>\n<p>Gr\u00e2ce au principe de r\u00e9troaction qu\u2019est l\u2019interruption, le cerveau se r\u00e9gule de mani\u00e8re autonome. Il n\u2019y a aucun moyen de savoir dans quel ordre le cerveau va modifier ses connexions et aucun moyen de pr\u00e9dire les domaines dans lesquels les changements vont appara\u00eetre.<br \/>\nC\u2019est \u00e9galement la raison pour laquelle le nombre des s\u00e9ances ne peut \u00eatre connu \u00e0 l\u2019avance. Il d\u00e9pend de la neuroplasticit\u00e9 propre \u00e0 chaque cerveau. <\/p>\n<p>Neurofeedback Neuroptimal\u00ae n\u2019est ni un traitement m\u00e9dical, ni une m\u00e9thodologie m\u00e9dicale.<\/p>\n<h3><a href=\"https:\/\/neurofeedback-viana.fr\/index.php\/contact\/\">Prise de rendez-vous<\/a><\/h3>\n","protected":false},"excerpt":{"rendered":"<p>Les personnes qui utilisent la m\u00e9thode neurofeedback dynamique souhaitent Am\u00e9liorer les capacit\u00e9s neuronales (m\u00e9moire, performances cognitives\u2026) R\u00e9guler les syst\u00e8mes du corps : digestif, hormonal, immunitaire\u2026 Am\u00e9liorer l\u2019endormissement et le sommeil, acc\u00e9der \u00e0 davantage de d\u00e9tente Lutter contre les comportements limitants : bafouillage, propos mal ma\u00eetris\u00e9s, tocs, addictions\u2026 Am\u00e9liorer les \u00e9tats psychologiques : anxi\u00e9t\u00e9, stress, spasmophilie, &hellip; <\/p>\n<p class=\"link-more\"><a href=\"https:\/\/neurofeedback-viana.fr\/index.php\/seances\/\" class=\"more-link\">Continuer la lecture<span class=\"screen-reader-text\"> de &laquo;&nbsp;S\u00e9ance&nbsp;&raquo;<\/span><\/a><\/p>\n","protected":false},"author":1,"featured_media":0,"parent":0,"menu_order":0,"comment_status":"closed","ping_status":"closed","template":"","meta":{"footnotes":""},"class_list":["post-81","page","type-page","status-publish","hentry"],"_links":{"self":[{"href":"https:\/\/neurofeedback-viana.fr\/index.php\/wp-json\/wp\/v2\/pages\/81"}],"collection":[{"href":"https:\/\/neurofeedback-viana.fr\/index.php\/wp-json\/wp\/v2\/pages"}],"about":[{"href":"https:\/\/neurofeedback-viana.fr\/index.php\/wp-json\/wp\/v2\/types\/page"}],"author":[{"embeddable":true,"href":"https:\/\/neurofeedback-viana.fr\/index.php\/wp-json\/wp\/v2\/users\/1"}],"replies":[{"embeddable":true,"href":"https:\/\/neurofeedback-viana.fr\/index.php\/wp-json\/wp\/v2\/comments?post=81"}],"version-history":[{"count":15,"href":"https:\/\/neurofeedback-viana.fr\/index.php\/wp-json\/wp\/v2\/pages\/81\/revisions"}],"predecessor-version":[{"id":342,"href":"https:\/\/neurofeedback-viana.fr\/index.php\/wp-json\/wp\/v2\/pages\/81\/revisions\/342"}],"wp:attachment":[{"href":"https:\/\/neurofeedback-viana.fr\/index.php\/wp-json\/wp\/v2\/media?parent=81"}],"curies":[{"name":"wp","href":"https:\/\/api.w.org\/{rel}","templated":true}]}}