{"id":79,"date":"2017-11-01T22:06:52","date_gmt":"2017-11-01T21:06:52","guid":{"rendered":"http:\/\/neurofeedback-viana.fr\/?page_id=79"},"modified":"2018-06-13T14:22:42","modified_gmt":"2018-06-13T12:22:42","slug":"temoignages","status":"publish","type":"page","link":"https:\/\/neurofeedback-viana.fr\/index.php\/temoignages\/","title":{"rendered":"T\u00e9moignages"},"content":{"rendered":"<h2>Retour d&rsquo;exp\u00e9rience de s\u00e9ance de neurofeedback dynamique avec le syst\u00e8me NeurOptimal\u00ae<\/h2>\n<div class=\"temoignage\">\n<div class=\"temoignage-texte\"><em>&laquo;In volutpat accumsan sem at lobortis. Nunc imperdiet turpis quam. Mauris ultricies mauris ac est bibendum, vel viverra nisi dictum. Aliquam scelerisque purus tortor, a euismod est iaculis in. Nullam ipsum nulla, iaculis non sem vel, euismod suscipit enim. Nam leo risus, consectetur quis aliquet eu, ultricies sit amet lacus. Maecenas pellentesque tortor at mollis volutpat.&raquo;<\/em><\/div>\n<div class=\"temoignage-auteur\" style=\"text-align: right;\">Jean<\/div>\n<\/div>\n<div class=\"temoignage\">\n<div class=\"temoignage-texte\"><em>&laquo;In volutpat mauris ac est bibendum, vel viverra nisi dictum. Aliquam scelerisque purus tortor, a euismod est iaculis in. Nullam ipsum nulla, iaculis non sem vel, euismod suscipit enim. Nam leo risus, consectetur quis aliquet eu, ultricies sit amet lacus. Maecenas pellentesque tortor at mollis volutpat.&raquo;<\/em><\/div>\n<div class=\"temoignage-auteur\" style=\"text-align: right;\">Florence<\/div>\n<\/div>\n<div class=\"temoignage\">\n<div class=\"temoignage-texte\"><em>&laquo;Nullam ipsum nulla, iaculis non sem vel, euismod suscipit enim. Nam leo risus, consectetur quis aliquet eu, ultricies sit amet lacus. Maecenas pellentesque tortor at mollis volutpat.&raquo;<\/em><\/div>\n<div class=\"temoignage-auteur\" style=\"text-align: right;\">Manon<\/div>\n<\/div>\n<div class=\"temoignage\">\n<div class=\"temoignage-texte\"><em>&laquo;In volutpat accumsan sem at lobortis. Nunc imperdiet turpis quam. Mauris ultricies mauris ac est bibendum, vel viverra nisi dictum. Aliquam scelerisque purus tortor, a euismod est iaculis in. Nullam ipsum nulla, iaculis non sem vel, euismod suscipit enim. Nam leo risus, consectetur quis aliquet eu, ultricies sit amet lacus. Maecenas pellentesque tortor at mollis volutpat. In volutpat accumsan sem at lobortis. Nunc imperdiet turpis quam. Mauris ultricies mauris ac est bibendum, vel viverra nisi dictum.&raquo;<\/em><\/div>\n<div class=\"temoignage-auteur\" style=\"text-align: right;\">Edouard<\/div>\n<\/div>\n","protected":false},"excerpt":{"rendered":"<p>Retour d&rsquo;exp\u00e9rience de s\u00e9ance de neurofeedback dynamique avec le syst\u00e8me NeurOptimal\u00ae &laquo;In volutpat accumsan sem at lobortis. Nunc imperdiet turpis quam. Mauris ultricies mauris ac est bibendum, vel viverra nisi dictum. Aliquam scelerisque purus tortor, a euismod est iaculis in. Nullam ipsum nulla, iaculis non sem vel, euismod suscipit enim. Nam leo risus, consectetur quis &hellip; <\/p>\n<p class=\"link-more\"><a href=\"https:\/\/neurofeedback-viana.fr\/index.php\/temoignages\/\" class=\"more-link\">Continuer la lecture<span class=\"screen-reader-text\"> de &laquo;&nbsp;T\u00e9moignages&nbsp;&raquo;<\/span><\/a><\/p>\n","protected":false},"author":1,"featured_media":0,"parent":0,"menu_order":0,"comment_status":"closed","ping_status":"closed","template":"","meta":{"footnotes":""},"class_list":["post-79","page","type-page","status-publish","hentry"],"_links":{"self":[{"href":"https:\/\/neurofeedback-viana.fr\/index.php\/wp-json\/wp\/v2\/pages\/79"}],"collection":[{"href":"https:\/\/neurofeedback-viana.fr\/index.php\/wp-json\/wp\/v2\/pages"}],"about":[{"href":"https:\/\/neurofeedback-viana.fr\/index.php\/wp-json\/wp\/v2\/types\/page"}],"author":[{"embeddable":true,"href":"https:\/\/neurofeedback-viana.fr\/index.php\/wp-json\/wp\/v2\/users\/1"}],"replies":[{"embeddable":true,"href":"https:\/\/neurofeedback-viana.fr\/index.php\/wp-json\/wp\/v2\/comments?post=79"}],"version-history":[{"count":15,"href":"https:\/\/neurofeedback-viana.fr\/index.php\/wp-json\/wp\/v2\/pages\/79\/revisions"}],"predecessor-version":[{"id":337,"href":"https:\/\/neurofeedback-viana.fr\/index.php\/wp-json\/wp\/v2\/pages\/79\/revisions\/337"}],"wp:attachment":[{"href":"https:\/\/neurofeedback-viana.fr\/index.php\/wp-json\/wp\/v2\/media?parent=79"}],"curies":[{"name":"wp","href":"https:\/\/api.w.org\/{rel}","templated":true}]}}