{"id":250,"date":"2018-06-07T22:52:33","date_gmt":"2018-06-07T20:52:33","guid":{"rendered":"https:\/\/neurofeedback-viana.fr\/?page_id=250"},"modified":"2018-06-13T14:20:25","modified_gmt":"2018-06-13T12:20:25","slug":"livres","status":"publish","type":"page","link":"https:\/\/neurofeedback-viana.fr\/index.php\/livres\/","title":{"rendered":"Livres"},"content":{"rendered":"<h2>Ut convallis eros ante, nec mollis libero volutpat gravida.<\/h2>\n<p><img loading=\"lazy\" decoding=\"async\" class=\"alignleft wp-image-175\" title=\"Livre Le neurofeedback dynamique \u2013 Quand notre cerveau apprend \u00e0 mieux se r\u00e9guler\" src=\"https:\/\/neurofeedback-viana.fr\/wp-content\/uploads\/2018\/06\/le-neurofeedback-dynamique-quand-notre-cerveau-apprend-a-mieux-se-reguler-214x300.jpg\" alt=\"Livre Le neurofeedback dynamique \u2013 Quand notre cerveau apprend \u00e0 mieux se r\u00e9guler\" width=\"164\" height=\"230\" border=\"1px, solid, grey\"\/><br \/>\n<strong>Le neurofeedback dynamique &#8211; Quand notre cerveau apprend \u00e0 mieux se r\u00e9guler<\/strong><br \/>\nCorinne Fournier et Pierre Bohn<br \/>\n<em>D\u00e9couvrir et comprendre le neurofeedback NeurOptimal\u00ae selon Corinne Fournier et Pierre Bohn. La m\u00e9thode NeurOptimal\u00ae permet d\u2019acc\u00e9der aux formidables capacit\u00e9s autor\u00e9gulatrices de votre cerveau et donne des r\u00e9sultats inesp\u00e9r\u00e9s : elle d\u00e9tecte le dysfonctionnement, en informe le cerveau et lui apprend \u00e0 s\u2019auto r\u00e9parer. Le neurofeedback utilise un protocole unique, efficace et sans effet secondaire quel que soit votre \u00e2ge ou votre probl\u00e8me et ne n\u00e9cessite aucun diagnostic m\u00e9dical pr\u00e9alable<\/em><\/p>\n<p><img loading=\"lazy\" decoding=\"async\" class=\"alignleft wp-image-173\" title=\"Livre Autisme - On peut en gu\u00e9rir\" src=\"https:\/\/neurofeedback-viana.fr\/wp-content\/uploads\/2018\/06\/autisme-on-peut-en-guerir-200x300.jpg\" alt=\"Livre Autisme - On peut en gu\u00e9rir\" width=\"153\" height=\"230\" \/><br \/>\n<strong>Autisme, on peut en gu\u00e9rir<\/strong><br \/>\nDr Corinne Skorupka et Dr Lor\u00e8ne Amet<br \/>\n<em>Un chapitre est consacr\u00e9 au neurofeedback NeurOptimal\u00ae accompagn\u00e9 de t\u00e9moignages saisissants.<br \/>\nApr\u00e8s avoir consid\u00e9r\u00e9 l\u2019autisme comme une maladie purement \u00ab psychiatrique \u00bb, tous les sp\u00e9cialistes s\u2019accordent pour mettre en avant des causes physiologiques \u00e0 ce type de pathologies. Mais il n\u2019existe pas une cause : elles sont multiples, comme le sont les solutions. Certes, les susceptibilit\u00e9s g\u00e9n\u00e9tiques sont l\u00e0, mais l\u2019\u00e9pig\u00e9n\u00e9tique, c\u2019est-\u00e0-dire l\u2019influence de l\u2019environnement sur l\u2019expression des g\u00e8nes, est bien plus d\u00e9terminante encore.<br \/>\nCet ouvrage est un v\u00e9ritable message d\u2019espoir pour les parents concern\u00e9s.<\/em><\/p>\n<p><img loading=\"lazy\" decoding=\"async\" class=\"alignleft wp-image-177\" title=\"Livre Les pouvoirs de l\u2019Esprit\" src=\"https:\/\/neurofeedback-viana.fr\/wp-content\/uploads\/2018\/06\/les-pouvoirs-de-l-esprit-184x300.jpg\" alt=\"Livre Les pouvoirs de l\u2019Esprit\" width=\"141\" height=\"230\" \/><br \/>\n<strong>Les pouvoirs de l\u2019Esprit<\/strong><br \/>\nMichel Le Van Quyen<br \/>\n<em>Dans cette synth\u00e8se \u00e0 la pointe des connaissances, Michel Le Van Quyen d\u00e9taille avec la plus grande clart\u00e9 les multiples pouvoirs de l\u2019esprit.<br \/>\nLe chapitre consacr\u00e9 au neurofeedback \u00e9claire l\u2019histoire et les principes du neurofeedback classique, c\u2019est-\u00e0-dire la m\u00e9thodologie impliquant un diagnostic et un traitement sp\u00e9cifique avec une participation consciente\/active du client. Tandis que la m\u00e9thodologie du neurofeedback (NeurOptimal\u00ae) dit dynamique est ind\u00e9pendante de diagnostic et l\u2019entrainement est non-conscient\/passif.<\/em><\/p>\n<p><img loading=\"lazy\" decoding=\"async\" class=\"alignleft wp-image-176\" title=\"Livre Les \u00e9tonnants pouvoirs de transformation du cerveau\" src=\"https:\/\/neurofeedback-viana.fr\/wp-content\/uploads\/2018\/06\/les-etonnants-pouvoirs-de-transformation-du-cerveau-183x300.jpg\" alt=\"Livre Les \u00e9tonnants pouvoirs de transformation du cerveau\" width=\"140\" height=\"230\" \/><br \/>\n<strong>Les \u00e9tonnants pouvoirs de transformation du cerveau<\/strong><br \/>\nNorman Doidge<br \/>\n<em>Cet ouvrage retrace l\u2019histoire de la d\u00e9couverte de la neuroplasticit\u00e9, propri\u00e9t\u00e9 unanimement reconnue aujourd\u2019hui qui a mis des d\u00e9cennies \u00e0 \u00eatre accept\u00e9e ! Le cerveau humain est aussi mall\u00e9able que l\u2019argile, non seulement pendant la petite enfance, comme on le sait depuis longtemps, mais aussi lorsqu\u2019on atteint la vieillesse. Norman Doidge, psychiatre canadien et scientifique reconnu, relate le travail des plus grands chercheurs, leurs d\u00e9couvertes et les gu\u00e9risons qu\u2019ils ont obtenues.<\/em><\/p>\n<p><img loading=\"lazy\" decoding=\"async\" class=\"alignleft wp-image-174\" title=\"Gu\u00e9rir gr\u00e2ce \u00e0 la neuroplasticit\u00e9\" src=\"https:\/\/neurofeedback-viana.fr\/wp-content\/uploads\/2018\/06\/guerir-grace-a-la-neuroplasticite-192x300.jpg\" alt=\"Gu\u00e9rir gr\u00e2ce \u00e0 la neuroplasticit\u00e9\" width=\"147\" height=\"230\" \/><br \/>\n<strong>Gu\u00e9rir gr\u00e2ce \u00e0 la neuroplasticit\u00e9<\/strong><br \/>\nNorman Doidge<br \/>\n<em>De la naissance \u00e0 la mort, notre cerveau ne cesse de se transformer en se remodelant, afin de s\u2019adapter \u00e0 son environnement.<br \/>\nLa recherche m\u00e9dicale a appris \u00e0 exploiter ces \u00e9tonnantes capacit\u00e9s afin de supporter \u2013 et m\u00eame de gu\u00e9rir \u2013 certaines pathologies qu\u2019on aurait cru incurables.<br \/>\nApr\u00e8s le succ\u00e8s de son premier livre Les \u00e9tonnants pouvoirs de transformation du cerveau, Norman Doidge poursuit sa plong\u00e9e dans l\u2019univers fascinant et \u2013 disons-le \u2013 assez miraculeux de la neuroplasticit\u00e9 et nous livre un panorama unique et tr\u00e8s complet des derni\u00e8res avanc\u00e9es de cette m\u00e9decine de pointe.<\/em><\/p>\n<p><img loading=\"lazy\" decoding=\"async\" class=\"alignleft wp-image-179\" title=\"Livre Pour une enfance heureuse, repenser l\u2019\u00e9ducation \u00e0 la lumi\u00e8re des derni\u00e8res d\u00e9couvertes sur le cerveau\" src=\"https:\/\/neurofeedback-viana.fr\/wp-content\/uploads\/2018\/06\/pour-une-enfance-heureuse-repenser-l-education-a-la-lumiere-des-dernieres-decouvertes-sur-le-cerveau-183x300.jpg\" alt=\"Livre Pour une enfance heureuse, repenser l\u2019\u00e9ducation \u00e0 la lumi\u00e8re des derni\u00e8res d\u00e9couvertes sur le cerveau\" width=\"140\" height=\"230\" \/><br \/>\n<strong>Pour une enfance heureuse, repenser l\u2019\u00e9ducation \u00e0 la lumi\u00e8re des derni\u00e8res d\u00e9couvertes sur le cerveau<\/strong><br \/>\nDr Catherine Gueguen<br \/>\n<em>Ouvrage qui me tient particuli\u00e8rement \u00e0 c\u0153ur de partager et qui devrait \u00eatre lu par tous parents.<br \/>\nLe Dr Gueguen met en lumi\u00e8re les derni\u00e8res d\u00e9couvertes scientifiques sur le d\u00e9veloppement et le fonctionnement du cerveau qui bouleversent notre compr\u00e9hension des besoins de l\u2019enfant. Elles d\u00e9montrent qu\u2019une relation empathique est d\u00e9cisive pour permettre au cerveau des enfants et des adolescents d\u2019\u00e9voluer au mieux, en d\u00e9ployant pleinement ses capacit\u00e9s intellectuelles et affectives.<\/em><\/p>\n<h3>En savoir encore plus&#8230; les <a href=\"https:\/\/neurofeedback-viana.fr\/index.php\/films\/\">films<\/a>.<\/h3>\n","protected":false},"excerpt":{"rendered":"<p>Ut convallis eros ante, nec mollis libero volutpat gravida. Le neurofeedback dynamique &#8211; Quand notre cerveau apprend \u00e0 mieux se r\u00e9guler Corinne Fournier et Pierre Bohn D\u00e9couvrir et comprendre le neurofeedback NeurOptimal\u00ae selon Corinne Fournier et Pierre Bohn. La m\u00e9thode NeurOptimal\u00ae permet d\u2019acc\u00e9der aux formidables capacit\u00e9s autor\u00e9gulatrices de votre cerveau et donne des r\u00e9sultats inesp\u00e9r\u00e9s &hellip; <\/p>\n<p class=\"link-more\"><a href=\"https:\/\/neurofeedback-viana.fr\/index.php\/livres\/\" class=\"more-link\">Continuer la lecture<span class=\"screen-reader-text\"> de &laquo;&nbsp;Livres&nbsp;&raquo;<\/span><\/a><\/p>\n","protected":false},"author":1,"featured_media":0,"parent":0,"menu_order":0,"comment_status":"closed","ping_status":"closed","template":"","meta":{"footnotes":""},"class_list":["post-250","page","type-page","status-publish","hentry"],"_links":{"self":[{"href":"https:\/\/neurofeedback-viana.fr\/index.php\/wp-json\/wp\/v2\/pages\/250"}],"collection":[{"href":"https:\/\/neurofeedback-viana.fr\/index.php\/wp-json\/wp\/v2\/pages"}],"about":[{"href":"https:\/\/neurofeedback-viana.fr\/index.php\/wp-json\/wp\/v2\/types\/page"}],"author":[{"embeddable":true,"href":"https:\/\/neurofeedback-viana.fr\/index.php\/wp-json\/wp\/v2\/users\/1"}],"replies":[{"embeddable":true,"href":"https:\/\/neurofeedback-viana.fr\/index.php\/wp-json\/wp\/v2\/comments?post=250"}],"version-history":[{"count":8,"href":"https:\/\/neurofeedback-viana.fr\/index.php\/wp-json\/wp\/v2\/pages\/250\/revisions"}],"predecessor-version":[{"id":333,"href":"https:\/\/neurofeedback-viana.fr\/index.php\/wp-json\/wp\/v2\/pages\/250\/revisions\/333"}],"wp:attachment":[{"href":"https:\/\/neurofeedback-viana.fr\/index.php\/wp-json\/wp\/v2\/media?parent=250"}],"curies":[{"name":"wp","href":"https:\/\/api.w.org\/{rel}","templated":true}]}}