{"id":248,"date":"2018-06-07T22:52:17","date_gmt":"2018-06-07T20:52:17","guid":{"rendered":"https:\/\/neurofeedback-viana.fr\/?page_id=248"},"modified":"2018-06-13T14:19:42","modified_gmt":"2018-06-13T12:19:42","slug":"films","status":"publish","type":"page","link":"https:\/\/neurofeedback-viana.fr\/index.php\/films\/","title":{"rendered":"Films"},"content":{"rendered":"<h2>Suspendisse sed neque facilisis, fermentum justo sit amet, ultricies augue.<\/h2>\n<p><iframe loading=\"lazy\" width=\"246\" height=\"138\" src=\"https:\/\/www.youtube.com\/embed\/gHAvHtCV_SM\" frameborder=\"0\" allow=\"autoplay; encrypted-media\" allowfullscreen><\/iframe><br \/>\nMichel Meignant et M\u00e1rio Viana<br \/>\nLe bonheur est dans les neurones<br \/>\nA la d\u00e9couverte du Neurofeedback dynamique<\/p>\n<p><iframe loading=\"lazy\" width=\"246\" height=\"138\" src=\"https:\/\/www.youtube.com\/embed\/mgd7xwbpjQI\" frameborder=\"0\" allow=\"autoplay; encrypted-media\" allowfullscreen><\/iframe><br \/>\nLe neurofeedback pour les TED (Troubles Envahissant du D\u00e9veloppement et Autisme)<\/p>\n<p><iframe loading=\"lazy\" width=\"246\" height=\"138\" src=\"https:\/\/www.youtube.com\/embed\/_Lv_UoLleDQ\" frameborder=\"0\" allow=\"autoplay; encrypted-media\" allowfullscreen><\/iframe><br \/>\nCarnet de sant\u00e9 &#8211; Le neurofeedback, une technique exp\u00e9rimentale discut\u00e9e (20\/10\/2014)<\/p>\n<p><iframe loading=\"lazy\" width=\"246\" height=\"138\" src=\"https:\/\/www.youtube.com\/embed\/fAZO123s9RU\" frameborder=\"0\" allow=\"autoplay; encrypted-media\" allowfullscreen><\/iframe><br \/>\nThis is Your Brain on NeurOptimal\u00ae<\/p>\n<p><iframe loading=\"lazy\" width=\"246\" height=\"138\" src=\"https:\/\/www.youtube.com\/embed\/smflOHYIufo\" frameborder=\"0\" allow=\"autoplay; encrypted-media\" allowfullscreen><\/iframe><br \/>\nLe neurofeedback pour le handicap sur M6<\/p>\n<p><iframe loading=\"lazy\" width=\"246\" height=\"138\" src=\"https:\/\/www.youtube.com\/embed\/unzf4cyJfSY\" frameborder=\"0\" allow=\"autoplay; encrypted-media\" allowfullscreen><\/iframe><br \/>\nLe neurofeedback pour l&rsquo;insomnie<\/p>\n<h3>En savoir encore plus&#8230; les <a href=\"https:\/\/neurofeedback-viana.fr\/index.php\/livres\/\">livres<\/a>.<\/h3>\n","protected":false},"excerpt":{"rendered":"<p>Suspendisse sed neque facilisis, fermentum justo sit amet, ultricies augue. Michel Meignant et M\u00e1rio Viana Le bonheur est dans les neurones A la d\u00e9couverte du Neurofeedback dynamique Le neurofeedback pour les TED (Troubles Envahissant du D\u00e9veloppement et Autisme) Carnet de sant\u00e9 &#8211; Le neurofeedback, une technique exp\u00e9rimentale discut\u00e9e (20\/10\/2014) This is Your Brain on NeurOptimal\u00ae &hellip; <\/p>\n<p class=\"link-more\"><a href=\"https:\/\/neurofeedback-viana.fr\/index.php\/films\/\" class=\"more-link\">Continuer la lecture<span class=\"screen-reader-text\"> de &laquo;&nbsp;Films&nbsp;&raquo;<\/span><\/a><\/p>\n","protected":false},"author":1,"featured_media":0,"parent":0,"menu_order":0,"comment_status":"closed","ping_status":"closed","template":"","meta":{"footnotes":""},"class_list":["post-248","page","type-page","status-publish","hentry"],"_links":{"self":[{"href":"https:\/\/neurofeedback-viana.fr\/index.php\/wp-json\/wp\/v2\/pages\/248"}],"collection":[{"href":"https:\/\/neurofeedback-viana.fr\/index.php\/wp-json\/wp\/v2\/pages"}],"about":[{"href":"https:\/\/neurofeedback-viana.fr\/index.php\/wp-json\/wp\/v2\/types\/page"}],"author":[{"embeddable":true,"href":"https:\/\/neurofeedback-viana.fr\/index.php\/wp-json\/wp\/v2\/users\/1"}],"replies":[{"embeddable":true,"href":"https:\/\/neurofeedback-viana.fr\/index.php\/wp-json\/wp\/v2\/comments?post=248"}],"version-history":[{"count":20,"href":"https:\/\/neurofeedback-viana.fr\/index.php\/wp-json\/wp\/v2\/pages\/248\/revisions"}],"predecessor-version":[{"id":331,"href":"https:\/\/neurofeedback-viana.fr\/index.php\/wp-json\/wp\/v2\/pages\/248\/revisions\/331"}],"wp:attachment":[{"href":"https:\/\/neurofeedback-viana.fr\/index.php\/wp-json\/wp\/v2\/media?parent=248"}],"curies":[{"name":"wp","href":"https:\/\/api.w.org\/{rel}","templated":true}]}}