{"id":24,"date":"2017-10-31T14:16:16","date_gmt":"2017-10-31T13:16:16","guid":{"rendered":"http:\/\/neurofeedback-viana.fr\/?page_id=24"},"modified":"2018-06-14T00:34:29","modified_gmt":"2018-06-13T22:34:29","slug":"systeme-neuroptimal","status":"publish","type":"page","link":"https:\/\/neurofeedback-viana.fr\/index.php\/systeme-neuroptimal\/","title":{"rendered":"Syst\u00e8me NeurOptimal\u00ae"},"content":{"rendered":"<h2><a href=\"https:\/\/neuroptimal.com\/\" target=\"_blank\" rel=\"noopener\"><img loading=\"lazy\" decoding=\"async\" class=\"alignleft wp-image-178\" src=\"https:\/\/neurofeedback-viana.fr\/wp-content\/uploads\/2018\/06\/logo-neuroptimal-20180603-300x60.png\" alt=\"Logo NeurOptimal\u00ae\" width=\"250\" height=\"50\" srcset=\"https:\/\/neurofeedback-viana.fr\/wp-content\/uploads\/2018\/06\/logo-neuroptimal-20180603-300x60.png 300w, https:\/\/neurofeedback-viana.fr\/wp-content\/uploads\/2018\/06\/logo-neuroptimal-20180603.png 700w\" sizes=\"(max-width: 250px) 100vw, 250px\" \/><\/a>Depuis 2000, le syst\u00e8me NeurOptimal\u00ae  d&rsquo;entrainement avanc\u00e9 du cerveau, transforme la vie !<\/h2>\n<h3>Une m\u00e9thode simple<\/h3>\n<p>Pendant que la personne \u00e9coute une bande son ou regarde une vid\u00e9o, le syst\u00e8me NeurOptimal\u00ae cr\u00e9e des micro-interruptions instantan\u00e9es dans la musique ou la bande son du film, gr\u00e2ce \u00e0 deux capteurs pos\u00e9s sur votre t\u00eate. Ces interruptions envoient au cerveau une r\u00e9tro-information (feedback).<br \/>\nLe cerveau va, de lui-m\u00eame, mettre en \u0153uvre les m\u00e9canismes d\u2019autor\u00e9gulation et d\u2019autor\u00e9paration n\u00e9cessaires \u00e0 son fonctionnement optimal.<\/p>\n<h3>Une m\u00e9thode sans aucun effet secondaire<\/h3>\n<p>Le syst\u00e8me NeurOptimal\u00ae n\u2019est pas un traitement m\u00e9dical, ni un outil de diagnostic. On laisse simplement le cerveau faire son travail et on observe les changements.<br \/>\nAucun courant \u00e9lectrique ne passe dans le cerveau, aucune stimulation c\u00e9r\u00e9brale ou autre n\u2019est op\u00e9r\u00e9e. La retro-information est sans contenu et sans intention.<br \/>\nLe <a href=\"https:\/\/neurofeedback-viana.fr\/index.php\/a-propos\/\">praticien<\/a> n\u2019est pas un th\u00e9rapeute mais un op\u00e9rateur form\u00e9 \u00e0 cette m\u00e9thode et \u00e0 l\u2019utilisation du syst\u00e8me NeurOptimal\u00ae. Il sait r\u00e9pondre \u00e0 vos questions et poser correctement les capteurs pour un bon fonctionnement du syst\u00e8me.<\/p>\n","protected":false},"excerpt":{"rendered":"<p>Depuis 2000, le syst\u00e8me NeurOptimal\u00ae d&rsquo;entrainement avanc\u00e9 du cerveau, transforme la vie ! Une m\u00e9thode simple Pendant que la personne \u00e9coute une bande son ou regarde une vid\u00e9o, le syst\u00e8me NeurOptimal\u00ae cr\u00e9e des micro-interruptions instantan\u00e9es dans la musique ou la bande son du film, gr\u00e2ce \u00e0 deux capteurs pos\u00e9s sur votre t\u00eate. Ces interruptions envoient &hellip; <\/p>\n<p class=\"link-more\"><a href=\"https:\/\/neurofeedback-viana.fr\/index.php\/systeme-neuroptimal\/\" class=\"more-link\">Continuer la lecture<span class=\"screen-reader-text\"> de &laquo;&nbsp;Syst\u00e8me NeurOptimal\u00ae&nbsp;&raquo;<\/span><\/a><\/p>\n","protected":false},"author":1,"featured_media":0,"parent":0,"menu_order":0,"comment_status":"closed","ping_status":"closed","template":"","meta":{"footnotes":""},"class_list":["post-24","page","type-page","status-publish","hentry"],"_links":{"self":[{"href":"https:\/\/neurofeedback-viana.fr\/index.php\/wp-json\/wp\/v2\/pages\/24"}],"collection":[{"href":"https:\/\/neurofeedback-viana.fr\/index.php\/wp-json\/wp\/v2\/pages"}],"about":[{"href":"https:\/\/neurofeedback-viana.fr\/index.php\/wp-json\/wp\/v2\/types\/page"}],"author":[{"embeddable":true,"href":"https:\/\/neurofeedback-viana.fr\/index.php\/wp-json\/wp\/v2\/users\/1"}],"replies":[{"embeddable":true,"href":"https:\/\/neurofeedback-viana.fr\/index.php\/wp-json\/wp\/v2\/comments?post=24"}],"version-history":[{"count":23,"href":"https:\/\/neurofeedback-viana.fr\/index.php\/wp-json\/wp\/v2\/pages\/24\/revisions"}],"predecessor-version":[{"id":352,"href":"https:\/\/neurofeedback-viana.fr\/index.php\/wp-json\/wp\/v2\/pages\/24\/revisions\/352"}],"wp:attachment":[{"href":"https:\/\/neurofeedback-viana.fr\/index.php\/wp-json\/wp\/v2\/media?parent=24"}],"curies":[{"name":"wp","href":"https:\/\/api.w.org\/{rel}","templated":true}]}}