{"id":18,"date":"2017-10-31T13:20:03","date_gmt":"2017-10-31T12:20:03","guid":{"rendered":"http:\/\/neurofeedback-viana.fr\/?page_id=18"},"modified":"2018-06-14T00:33:05","modified_gmt":"2018-06-13T22:33:05","slug":"contact","status":"publish","type":"page","link":"https:\/\/neurofeedback-viana.fr\/index.php\/contact\/","title":{"rendered":"Contact"},"content":{"rendered":"<h2>Demande d&rsquo;informations et prise de rendez-vous<\/h2>\n<p>M\u00e1rio Viana<br \/>\n<img loading=\"lazy\" decoding=\"async\" src=\"https:\/\/neurofeedback-viana.fr\/wp-content\/uploads\/2018\/06\/appel.png\" alt=\"\" width=\"126\" height=\"14\" class=\"alignnone size-full wp-image-346\" \/><\/p>\n\n<div class=\"wpcf7 no-js\" id=\"wpcf7-f188-o1\" lang=\"fr-FR\" dir=\"ltr\">\n<div class=\"screen-reader-response\"><p role=\"status\" aria-live=\"polite\" aria-atomic=\"true\"><\/p> <ul><\/ul><\/div>\n<form action=\"\/index.php\/wp-json\/wp\/v2\/pages\/18#wpcf7-f188-o1\" method=\"post\" class=\"wpcf7-form init\" aria-label=\"Formulaire de contact\" novalidate=\"novalidate\" data-status=\"init\">\n<div style=\"display: none;\">\n<input type=\"hidden\" name=\"_wpcf7\" value=\"188\" \/>\n<input type=\"hidden\" name=\"_wpcf7_version\" value=\"5.9.8\" \/>\n<input type=\"hidden\" name=\"_wpcf7_locale\" value=\"fr_FR\" \/>\n<input type=\"hidden\" name=\"_wpcf7_unit_tag\" value=\"wpcf7-f188-o1\" \/>\n<input type=\"hidden\" name=\"_wpcf7_container_post\" value=\"0\" \/>\n<input type=\"hidden\" name=\"_wpcf7_posted_data_hash\" value=\"\" \/>\n<\/div>\n<p><label> Votre nom (obligatoire)<br \/>\n<span class=\"wpcf7-form-control-wrap\" data-name=\"your-name\"><input size=\"40\" maxlength=\"400\" class=\"wpcf7-form-control wpcf7-text wpcf7-validates-as-required\" aria-required=\"true\" aria-invalid=\"false\" value=\"\" type=\"text\" name=\"your-name\" \/><\/span> <\/label>\n<\/p>\n<p><label> Votre adresse de messagerie (obligatoire)<br \/>\n<span class=\"wpcf7-form-control-wrap\" data-name=\"your-email\"><input size=\"40\" maxlength=\"400\" class=\"wpcf7-form-control wpcf7-email wpcf7-validates-as-required wpcf7-text wpcf7-validates-as-email\" aria-required=\"true\" aria-invalid=\"false\" value=\"\" type=\"email\" name=\"your-email\" \/><\/span> <\/label>\n<\/p>\n<p><label> Votre num\u00e9ro de t\u00e9l\u00e9phone (obligatoire)<br \/>\n<span class=\"wpcf7-form-control-wrap\" data-name=\"tel-543\"><input size=\"40\" maxlength=\"400\" class=\"wpcf7-form-control wpcf7-tel wpcf7-validates-as-required wpcf7-text wpcf7-validates-as-tel\" aria-required=\"true\" aria-invalid=\"false\" value=\"\" type=\"tel\" name=\"tel-543\" \/><\/span> <\/label>\n<\/p>\n<p><label> Objet<br \/>\n<span class=\"wpcf7-form-control-wrap\" data-name=\"your-subject\"><input size=\"40\" maxlength=\"400\" class=\"wpcf7-form-control wpcf7-text\" aria-invalid=\"false\" value=\"\" type=\"text\" name=\"your-subject\" \/><\/span> <\/label>\n<\/p>\n<p><label> Votre message<br \/>\n<span class=\"wpcf7-form-control-wrap\" data-name=\"your-message\"><textarea cols=\"40\" rows=\"10\" maxlength=\"2000\" class=\"wpcf7-form-control wpcf7-textarea\" aria-invalid=\"false\" name=\"your-message\"><\/textarea><\/span> <\/label>\n<\/p>\n<p><input class=\"wpcf7-form-control wpcf7-submit has-spinner\" type=\"submit\" value=\"Envoyer\" \/>\n<\/p><div class=\"wpcf7-response-output\" aria-hidden=\"true\"><\/div>\n<\/form>\n<\/div>\n\n<h3>Jours, horaires et lieux des s\u00e9ances<\/h3>\n<p>Mercredis de 10h00 \u00e0 20hh0<br \/>\n<a href=\"https:\/\/www.google.com\/maps\/place\/103+Rue+de+S%C3%A8vres,+75006+Paris\/@48.8484392,2.3188535,17z\/data=!3m1!4b1!4m5!3m4!1s0x47e6702d33671697:0x90e16fe55cb56735!8m2!3d48.8484392!4d2.3210422\" target=\"_blank\" rel=\"noopener\">103 rue de S\u00e8vres 75006 Paris<\/a><br \/>\nMetro Vanneau ligne N\u00b010<\/p>\n<p>Jeudi et samedi 10h00 \u00e0 20h00<br \/>\n<a href=\"https:\/\/www.google.com\/maps\/place\/27+Avenue+Chandon,+92230+Gennevilliers\/@48.9228815,2.2958926,17z\/data=!3m1!4b1!4m5!3m4!1s0x47e66f440b9f7a57:0x82c42c8f6afc7fb8!8m2!3d48.9228815!4d2.2980813\" target=\"_blank\" rel=\"noopener\">27 av. Chandon 92230 Gennevilliers<\/a><br \/>\nMetro Gabriel P\u00e9ri ou Les Agnettes Ligne N\u00b0 13<\/p>\n","protected":false},"excerpt":{"rendered":"<p>Demande d&rsquo;informations et prise de rendez-vous M\u00e1rio Viana Jours, horaires et lieux des s\u00e9ances Mercredis de 10h00 \u00e0 20hh0 103 rue de S\u00e8vres 75006 Paris Metro Vanneau ligne N\u00b010 Jeudi et samedi 10h00 \u00e0 20h00 27 av. Chandon 92230 Gennevilliers Metro Gabriel P\u00e9ri ou Les Agnettes Ligne N\u00b0 13<\/p>\n","protected":false},"author":1,"featured_media":0,"parent":0,"menu_order":0,"comment_status":"closed","ping_status":"closed","template":"","meta":{"footnotes":""},"class_list":["post-18","page","type-page","status-publish","hentry"],"_links":{"self":[{"href":"https:\/\/neurofeedback-viana.fr\/index.php\/wp-json\/wp\/v2\/pages\/18"}],"collection":[{"href":"https:\/\/neurofeedback-viana.fr\/index.php\/wp-json\/wp\/v2\/pages"}],"about":[{"href":"https:\/\/neurofeedback-viana.fr\/index.php\/wp-json\/wp\/v2\/types\/page"}],"author":[{"embeddable":true,"href":"https:\/\/neurofeedback-viana.fr\/index.php\/wp-json\/wp\/v2\/users\/1"}],"replies":[{"embeddable":true,"href":"https:\/\/neurofeedback-viana.fr\/index.php\/wp-json\/wp\/v2\/comments?post=18"}],"version-history":[{"count":17,"href":"https:\/\/neurofeedback-viana.fr\/index.php\/wp-json\/wp\/v2\/pages\/18\/revisions"}],"predecessor-version":[{"id":351,"href":"https:\/\/neurofeedback-viana.fr\/index.php\/wp-json\/wp\/v2\/pages\/18\/revisions\/351"}],"wp:attachment":[{"href":"https:\/\/neurofeedback-viana.fr\/index.php\/wp-json\/wp\/v2\/media?parent=18"}],"curies":[{"name":"wp","href":"https:\/\/api.w.org\/{rel}","templated":true}]}}