{"id":141,"date":"2018-06-01T17:54:15","date_gmt":"2018-06-01T15:54:15","guid":{"rendered":"https:\/\/neurofeedback-viana.fr\/?page_id=141"},"modified":"2018-06-13T14:18:15","modified_gmt":"2018-06-13T12:18:15","slug":"en-savoir","status":"publish","type":"page","link":"https:\/\/neurofeedback-viana.fr\/index.php\/en-savoir\/","title":{"rendered":"En savoir +"},"content":{"rendered":"<h2>Des informations scientifiques disponibles<\/h2>\n<p>Vous trouverez des r\u00e9sultats d\u2019\u00e9tudes effectu\u00e9es par diff\u00e9rents h\u00f4pitaux sur ce syst\u00e8me tel que celle effectu\u00e9e sur le Trouble du D\u00e9ficit de l\u2019Attention et Hyperactivit\u00e9 (TDAH) au laboratoire de Neurosciences Fonctionnelles et Pathologiques de CHU d\u2019Amiens.<\/p>\n<p>Diverses associations de parents d\u2019enfants handicap\u00e9s font appel \u00e0 cette m\u00e9thode. Par exemple : l\u2019association Dominique et l\u2019association Neuf de c\u0153ur.<\/p>\n<p>Des informations sont \u00e9galement disponibles sur le site de l&rsquo;<a href=\"http:\/\/www.neurofeedback-france.fr\/\" target=\"_blank\" rel=\"noopener\">Institut Neuroker<\/a>, repr\u00e9sentant Fran\u00e7ais de la m\u00e9thode <a href=\"https:\/\/neuroptimal.com\/\" target=\"_blank\" rel=\"noopener\">NeurOptimal\u00ae<\/a>, qui a assur\u00e9 notre formation.<\/p>\n<p>Institut Neuroker : <a href=\"http:\/\/www.neurofeedback-france.fr\/\" target=\"_blank\" rel=\"noopener\">www.neurofeedback-france.fr<\/a><br \/>\nNeurOptimal\u00ae : <a href=\"https:\/\/neuroptimal.com\/\" target=\"_blank\" rel=\"noopener\">www.neuroptimal.com<\/a><br \/>\nAssociation pour la Diffusion du Neurofeedback en France : <a href=\"https:\/\/www.adnf.org\/\" target=\"_blank\" rel=\"noopener\">www.adnf.org<\/a><\/p>\n<h3>En savoir encore plus&#8230; les <a href=\"https:\/\/neurofeedback-viana.fr\/index.php\/films\/\">films<\/a>, les <a href=\"https:\/\/neurofeedback-viana.fr\/index.php\/livres\/\">livres<\/a>.<\/h3>\n","protected":false},"excerpt":{"rendered":"<p>Des informations scientifiques disponibles Vous trouverez des r\u00e9sultats d\u2019\u00e9tudes effectu\u00e9es par diff\u00e9rents h\u00f4pitaux sur ce syst\u00e8me tel que celle effectu\u00e9e sur le Trouble du D\u00e9ficit de l\u2019Attention et Hyperactivit\u00e9 (TDAH) au laboratoire de Neurosciences Fonctionnelles et Pathologiques de CHU d\u2019Amiens. Diverses associations de parents d\u2019enfants handicap\u00e9s font appel \u00e0 cette m\u00e9thode. Par exemple : l\u2019association &hellip; <\/p>\n<p class=\"link-more\"><a href=\"https:\/\/neurofeedback-viana.fr\/index.php\/en-savoir\/\" class=\"more-link\">Continuer la lecture<span class=\"screen-reader-text\"> de &laquo;&nbsp;En savoir +&nbsp;&raquo;<\/span><\/a><\/p>\n","protected":false},"author":1,"featured_media":0,"parent":0,"menu_order":0,"comment_status":"closed","ping_status":"closed","template":"","meta":{"footnotes":""},"class_list":["post-141","page","type-page","status-publish","hentry"],"_links":{"self":[{"href":"https:\/\/neurofeedback-viana.fr\/index.php\/wp-json\/wp\/v2\/pages\/141"}],"collection":[{"href":"https:\/\/neurofeedback-viana.fr\/index.php\/wp-json\/wp\/v2\/pages"}],"about":[{"href":"https:\/\/neurofeedback-viana.fr\/index.php\/wp-json\/wp\/v2\/types\/page"}],"author":[{"embeddable":true,"href":"https:\/\/neurofeedback-viana.fr\/index.php\/wp-json\/wp\/v2\/users\/1"}],"replies":[{"embeddable":true,"href":"https:\/\/neurofeedback-viana.fr\/index.php\/wp-json\/wp\/v2\/comments?post=141"}],"version-history":[{"count":53,"href":"https:\/\/neurofeedback-viana.fr\/index.php\/wp-json\/wp\/v2\/pages\/141\/revisions"}],"predecessor-version":[{"id":329,"href":"https:\/\/neurofeedback-viana.fr\/index.php\/wp-json\/wp\/v2\/pages\/141\/revisions\/329"}],"wp:attachment":[{"href":"https:\/\/neurofeedback-viana.fr\/index.php\/wp-json\/wp\/v2\/media?parent=141"}],"curies":[{"name":"wp","href":"https:\/\/api.w.org\/{rel}","templated":true}]}}